{"id":18,"date":"2012-03-29T09:24:25","date_gmt":"2012-03-29T08:24:25","guid":{"rendered":"http:\/\/lofta-caffe.com\/?page_id=18"},"modified":"2026-02-15T10:10:37","modified_gmt":"2026-02-15T09:10:37","slug":"om-oss","status":"publish","type":"page","link":"https:\/\/lofta-caffe.com\/de\/om-oss\/","title":{"rendered":"\u00dcber uns"},"content":{"rendered":"<p><\/p>\n<p>Wir \u2013 Frank und C\u00e9cile \u2013 betreiben in der alten Folksschule in Lofta seit 2009&nbsp; Lofta Caff\u00e8.<\/p>\n<p>Lofta liegt idyllisch 7 km n\u00f6rdlich von Gamleby in Sm\u00e5land, an der Ostk\u00fcste Schwedens. Wir arbeiten mit traditionell italienischer Kaffeherstellung, was bedeutet, dass die Bohnen f\u00fcr jeden Kaffe frisch gemahlen und in einer Kolbenmaschine zubereitet wird. Wir haben selbstgebackene Kuchen, Kekse, Eis und andere Schlemmereien. Ausserdem bieten wir kleinere Mahlzeiten wie Suppe, Sandwiches oder \u201dFlammkuchen\u201d an. W\u00e4hrend langer Zeit lebten wir in der Schweiz und verbinden mit Kaffe auch Kultur. Dazu geh\u00f6ren Dinge wie Zeitung lesen, Gespr\u00e4che f\u00fchren und Kunst geniessen. In unserem G\u00e4steraum gibt es jede Saison wechselnde Kunstausstellungen.<br \/>\nSeit einigen Jahren veranstalten wir Konzerte. Eine kleine Innenb\u00fchne und, falls wettertechnisch m\u00f6glich, draussen kann unser Publikum Livemusik geniessen.<\/p>\n<p><a href=\"http:\/\/lofta-caffe.com\/wp-content\/uploads\/2012\/03\/P1030892.jpg\"><img loading=\"lazy\" decoding=\"async\" class=\"alignnone size-medium wp-image-80\" title=\"P1030892\" src=\"http:\/\/lofta-caffe.com\/wp-content\/uploads\/2012\/03\/P1030892-300x120.jpg\" alt=\"\" width=\"300\" height=\"120\" srcset=\"https:\/\/lofta-caffe.com\/wp-content\/uploads\/2012\/03\/P1030892-300x120.jpg 300w, https:\/\/lofta-caffe.com\/wp-content\/uploads\/2012\/03\/P1030892-1024x410.jpg 1024w, https:\/\/lofta-caffe.com\/wp-content\/uploads\/2012\/03\/P1030892-500x200.jpg 500w\" sizes=\"auto, (max-width: 300px) 100vw, 300px\" \/><\/a><a href=\"http:\/\/lofta-caffe.com\/wp-content\/uploads\/2012\/03\/P1020446.jpg\"><img loading=\"lazy\" decoding=\"async\" class=\"alignnone size-medium wp-image-81\" title=\"P1020446\" src=\"http:\/\/lofta-caffe.com\/wp-content\/uploads\/2012\/03\/P1020446-300x152.jpg\" alt=\"\" width=\"300\" height=\"152\" srcset=\"https:\/\/lofta-caffe.com\/wp-content\/uploads\/2012\/03\/P1020446-300x152.jpg 300w, https:\/\/lofta-caffe.com\/wp-content\/uploads\/2012\/03\/P1020446-1024x520.jpg 1024w, https:\/\/lofta-caffe.com\/wp-content\/uploads\/2012\/03\/P1020446-500x254.jpg 500w\" sizes=\"auto, (max-width: 300px) 100vw, 300px\" \/><\/a><\/p>\n<p>&nbsp;<\/p>\n<p>&nbsp;<\/p>\n<p>&nbsp;<\/p>\n<p>&nbsp;<\/p>\n<p>Wir \u2013 Frank und C\u00e9cile \u2013 betreiben in der alten Folksschule in Lofta seit 2009&nbsp; Lofta Caff\u00e8.<\/p>\n<p>Lofta liegt idyllisch 7 km n\u00f6rdlich von Gamleby in Sm\u00e5land, an der Ostk\u00fcste Schwedens. Wir arbeiten mit traditionell italienischer Kaffeherstellung, was bedeutet, dass die Bohnen f\u00fcr jeden Kaffe frisch gemahlen und in einer Kolbenmaschine zubereitet wird. Wir haben selbstgebackene Kuchen, Kekse, Eis und andere Schlemmereien. Ausserdem bieten wir kleinere Mahlzeiten wie Suppe, Sandwiches oder \u201dFlammkuchen\u201d an. W\u00e4hrend langer Zeit lebten wir in der Schweiz und verbinden mit Kaffe auch Kultur. Dazu geh\u00f6ren Dinge wie Zeitung lesen, Gespr\u00e4che f\u00fchren und Kunst geniessen. In unserem G\u00e4steraum gibt es jede Saison wechselnde Kunstausstellungen.<br \/>\nSeit einigen Jahren veranstalten wir Konzerte. Eine kleine Innenb\u00fchne und, falls wettertechnisch m\u00f6glich, draussen kann unser Publikum Livemusik geniessen.<\/p>\n<p><a href=\"http:\/\/lofta-caffe.com\/wp-content\/uploads\/2012\/03\/P1030892.jpg\"><img loading=\"lazy\" decoding=\"async\" class=\"alignnone size-medium wp-image-80\" title=\"P1030892\" src=\"http:\/\/lofta-caffe.com\/wp-content\/uploads\/2012\/03\/P1030892-300x120.jpg\" alt=\"\" width=\"300\" height=\"120\" srcset=\"https:\/\/lofta-caffe.com\/wp-content\/uploads\/2012\/03\/P1030892-300x120.jpg 300w, https:\/\/lofta-caffe.com\/wp-content\/uploads\/2012\/03\/P1030892-1024x410.jpg 1024w, https:\/\/lofta-caffe.com\/wp-content\/uploads\/2012\/03\/P1030892-500x200.jpg 500w\" sizes=\"auto, (max-width: 300px) 100vw, 300px\" \/><\/a><a href=\"http:\/\/lofta-caffe.com\/wp-content\/uploads\/2012\/03\/P1020446.jpg\"><img loading=\"lazy\" decoding=\"async\" class=\"alignnone size-medium wp-image-81\" title=\"P1020446\" src=\"http:\/\/lofta-caffe.com\/wp-content\/uploads\/2012\/03\/P1020446-300x152.jpg\" alt=\"\" width=\"300\" height=\"152\" srcset=\"https:\/\/lofta-caffe.com\/wp-content\/uploads\/2012\/03\/P1020446-300x152.jpg 300w, https:\/\/lofta-caffe.com\/wp-content\/uploads\/2012\/03\/P1020446-1024x520.jpg 1024w, https:\/\/lofta-caffe.com\/wp-content\/uploads\/2012\/03\/P1020446-500x254.jpg 500w\" sizes=\"auto, (max-width: 300px) 100vw, 300px\" \/><\/a><\/p>\n<p>&nbsp;<\/p>\n<p>&nbsp;<\/p>\n<p>&nbsp;<\/p>\n<p>&nbsp;<\/p>\n<p><\/p>","protected":false},"excerpt":{"rendered":"<p>Wir \u2013 Frank und C\u00e9cile \u2013 betreiben in der alten Folksschule in Lofta seit 2009&nbsp; Lofta Caff\u00e8. Lofta liegt idyllisch 7 km n\u00f6rdlich von Gamleby in Sm\u00e5land, an der Ostk\u00fcste Schwedens. Wir arbeiten mit traditionell italienischer Kaffeherstellung, was bedeutet, dass &hellip; <a href=\"https:\/\/lofta-caffe.com\/de\/om-oss\/\">Weiterlesen <span class=\"meta-nav\">&rarr;<\/span><\/a><\/p>\n","protected":false},"author":1,"featured_media":0,"parent":0,"menu_order":7,"comment_status":"closed","ping_status":"open","template":"","meta":{"ngg_post_thumbnail":0,"footnotes":""},"class_list":["post-18","page","type-page","status-publish","hentry"],"_links":{"self":[{"href":"https:\/\/lofta-caffe.com\/de\/wp-json\/wp\/v2\/pages\/18","targetHints":{"allow":["GET"]}}],"collection":[{"href":"https:\/\/lofta-caffe.com\/de\/wp-json\/wp\/v2\/pages"}],"about":[{"href":"https:\/\/lofta-caffe.com\/de\/wp-json\/wp\/v2\/types\/page"}],"author":[{"embeddable":true,"href":"https:\/\/lofta-caffe.com\/de\/wp-json\/wp\/v2\/users\/1"}],"replies":[{"embeddable":true,"href":"https:\/\/lofta-caffe.com\/de\/wp-json\/wp\/v2\/comments?post=18"}],"version-history":[{"count":26,"href":"https:\/\/lofta-caffe.com\/de\/wp-json\/wp\/v2\/pages\/18\/revisions"}],"predecessor-version":[{"id":3053,"href":"https:\/\/lofta-caffe.com\/de\/wp-json\/wp\/v2\/pages\/18\/revisions\/3053"}],"wp:attachment":[{"href":"https:\/\/lofta-caffe.com\/de\/wp-json\/wp\/v2\/media?parent=18"}],"curies":[{"name":"wp","href":"https:\/\/api.w.org\/{rel}","templated":true}]}}