{"id":20,"date":"2012-03-29T09:24:45","date_gmt":"2012-03-29T08:24:45","guid":{"rendered":"http:\/\/lofta-caffe.com\/?page_id=20"},"modified":"2026-03-30T14:42:50","modified_gmt":"2026-03-30T13:42:50","slug":"oppettider-hitta-hit","status":"publish","type":"page","link":"https:\/\/lofta-caffe.com\/de\/oppettider-hitta-hit\/","title":{"rendered":"\u00d6ffnungszeiten \/ Kontakt"},"content":{"rendered":"<p>&nbsp;<\/p>\n<p><strong>Saisoner\u00f6ffnung 2026 14. M\u00e4rz 2026 &#8211; herzlich Willkommen!<\/strong><\/p>\n<p><strong>14. M\u00e4rz- 14. Juni 2026<br \/>\nFreitag &#8211; Sonntag sowie Feiertage<br \/>\n10.00 &#8211; 16.00 Uhr<\/strong><\/p>\n<p><strong>18. Juni- 16. August 2026<br \/>\nt\u00e4glich<br \/>\n10.00 &#8211; 17.00 Uhr<\/strong><\/p>\n<p><strong>28. August &#8211; 15. November 2026<br \/>\nFreitag &#8211; Sonntag sowie Feiertage<br \/>\n10.00 &#8211; 16.00 Uhr<\/strong><\/p>\n<p><strong>Adress:<br \/>\nLofta Caff\u00e8<\/strong><br \/>\n<strong>Lofta gamla skola<\/strong><br \/>\n<strong>594 93 Gamleby<\/strong><br \/>\n<strong>Tel:<\/strong> <strong>076 185 44 06<\/strong><\/p>\n<p>&nbsp;<\/p>\n<p><strong>Lofta gamla skola<\/strong><br \/>\n<strong>594 93 Gamleby<\/strong><br \/>\n<strong>Tel:<\/strong> <strong>0046 (0)76 185 44 06<\/strong><\/p>","protected":false},"excerpt":{"rendered":"<p>&nbsp; Saisoner\u00f6ffnung 2026 14. M\u00e4rz 2026 &#8211; herzlich Willkommen! 14. M\u00e4rz- 14. Juni 2026 Freitag &#8211; Sonntag sowie Feiertage 10.00 &#8211; 16.00 Uhr 18. Juni- 16. August 2026 t\u00e4glich 10.00 &#8211; 17.00 Uhr 28. August &#8211; 15. November 2026 Freitag &hellip; <a href=\"https:\/\/lofta-caffe.com\/de\/oppettider-hitta-hit\/\">Weiterlesen <span class=\"meta-nav\">&rarr;<\/span><\/a><\/p>\n","protected":false},"author":1,"featured_media":0,"parent":0,"menu_order":0,"comment_status":"closed","ping_status":"closed","template":"","meta":{"ngg_post_thumbnail":0,"footnotes":""},"class_list":["post-20","page","type-page","status-publish","hentry"],"_links":{"self":[{"href":"https:\/\/lofta-caffe.com\/de\/wp-json\/wp\/v2\/pages\/20","targetHints":{"allow":["GET"]}}],"collection":[{"href":"https:\/\/lofta-caffe.com\/de\/wp-json\/wp\/v2\/pages"}],"about":[{"href":"https:\/\/lofta-caffe.com\/de\/wp-json\/wp\/v2\/types\/page"}],"author":[{"embeddable":true,"href":"https:\/\/lofta-caffe.com\/de\/wp-json\/wp\/v2\/users\/1"}],"replies":[{"embeddable":true,"href":"https:\/\/lofta-caffe.com\/de\/wp-json\/wp\/v2\/comments?post=20"}],"version-history":[{"count":249,"href":"https:\/\/lofta-caffe.com\/de\/wp-json\/wp\/v2\/pages\/20\/revisions"}],"predecessor-version":[{"id":3085,"href":"https:\/\/lofta-caffe.com\/de\/wp-json\/wp\/v2\/pages\/20\/revisions\/3085"}],"wp:attachment":[{"href":"https:\/\/lofta-caffe.com\/de\/wp-json\/wp\/v2\/media?parent=20"}],"curies":[{"name":"wp","href":"https:\/\/api.w.org\/{rel}","templated":true}]}}